{"id":673,"date":"2019-09-11T14:20:37","date_gmt":"2019-09-11T12:20:37","guid":{"rendered":"https:\/\/km.apnet.pl\/blog\/?page_id=673"},"modified":"2022-09-12T20:43:54","modified_gmt":"2022-09-12T18:43:54","slug":"kameleon","status":"publish","type":"page","link":"https:\/\/km.apnet.pl\/blog\/kameleon\/","title":{"rendered":"Kameleon"},"content":{"rendered":"\n<p>Rok 2019:<\/p>\n\n\n\n<ul class=\"wp-block-gallery columns-1 is-cropped wp-block-gallery-1 is-layout-flex wp-block-gallery-is-layout-flex\"><li class=\"blocks-gallery-item\"><figure><img loading=\"lazy\" decoding=\"async\" width=\"1024\" height=\"807\" data-attachment-id=\"1364\" data-permalink=\"https:\/\/km.apnet.pl\/blog\/kameleon\/img_5962\/\" data-orig-file=\"https:\/\/km.apnet.pl\/blog\/wp-content\/uploads\/2022\/09\/IMG_5962.jpg\" data-orig-size=\"1920,1513\" data-comments-opened=\"0\" data-image-meta=\"{&quot;aperture&quot;:&quot;0&quot;,&quot;credit&quot;:&quot;&quot;,&quot;camera&quot;:&quot;&quot;,&quot;caption&quot;:&quot;&quot;,&quot;created_timestamp&quot;:&quot;0&quot;,&quot;copyright&quot;:&quot;&quot;,&quot;focal_length&quot;:&quot;0&quot;,&quot;iso&quot;:&quot;0&quot;,&quot;shutter_speed&quot;:&quot;0&quot;,&quot;title&quot;:&quot;&quot;,&quot;orientation&quot;:&quot;0&quot;}\" data-image-title=\"IMG_5962\" data-image-description=\"\" data-image-caption=\"\" data-medium-file=\"https:\/\/km.apnet.pl\/blog\/wp-content\/uploads\/2022\/09\/IMG_5962-512x403.jpg\" data-large-file=\"https:\/\/km.apnet.pl\/blog\/wp-content\/uploads\/2022\/09\/IMG_5962-1024x807.jpg\" src=\"https:\/\/km.apnet.pl\/blog\/wp-content\/uploads\/2022\/09\/IMG_5962-1024x807.jpg\" alt=\"\" data-id=\"1364\" data-link=\"https:\/\/km.apnet.pl\/blog\/kameleon\/img_5962\/\" class=\"wp-image-1364\" srcset=\"https:\/\/km.apnet.pl\/blog\/wp-content\/uploads\/2022\/09\/IMG_5962-1024x807.jpg 1024w, https:\/\/km.apnet.pl\/blog\/wp-content\/uploads\/2022\/09\/IMG_5962-512x403.jpg 512w, https:\/\/km.apnet.pl\/blog\/wp-content\/uploads\/2022\/09\/IMG_5962-768x605.jpg 768w, https:\/\/km.apnet.pl\/blog\/wp-content\/uploads\/2022\/09\/IMG_5962-761x600.jpg 761w, https:\/\/km.apnet.pl\/blog\/wp-content\/uploads\/2022\/09\/IMG_5962.jpg 1920w\" sizes=\"auto, (max-width: 1024px) 100vw, 1024px\" \/><\/figure><\/li><\/ul>\n\n\n\n<ul class=\"wp-block-gallery columns-1 is-cropped wp-block-gallery-2 is-layout-flex wp-block-gallery-is-layout-flex\"><li class=\"blocks-gallery-item\"><figure><img loading=\"lazy\" decoding=\"async\" width=\"1024\" height=\"768\" data-attachment-id=\"664\" data-permalink=\"https:\/\/km.apnet.pl\/blog\/img_4671\/\" data-orig-file=\"https:\/\/km.apnet.pl\/blog\/wp-content\/uploads\/2019\/09\/img_4671.jpg\" data-orig-size=\"4032,3024\" data-comments-opened=\"1\" data-image-meta=\"{&quot;aperture&quot;:&quot;2.2&quot;,&quot;credit&quot;:&quot;&quot;,&quot;camera&quot;:&quot;iPhone 6s&quot;,&quot;caption&quot;:&quot;&quot;,&quot;created_timestamp&quot;:&quot;1551531237&quot;,&quot;copyright&quot;:&quot;&quot;,&quot;focal_length&quot;:&quot;4.15&quot;,&quot;iso&quot;:&quot;50&quot;,&quot;shutter_speed&quot;:&quot;0.03030303030303&quot;,&quot;title&quot;:&quot;&quot;,&quot;orientation&quot;:&quot;1&quot;}\" data-image-title=\"img_4671\" data-image-description=\"\" data-image-caption=\"\" data-medium-file=\"https:\/\/km.apnet.pl\/blog\/wp-content\/uploads\/2019\/09\/img_4671-512x384.jpg\" data-large-file=\"https:\/\/km.apnet.pl\/blog\/wp-content\/uploads\/2019\/09\/img_4671-1024x768.jpg\" src=\"https:\/\/km.apnet.pl\/blog\/wp-content\/uploads\/2019\/09\/img_4671-1024x768.jpg\" alt=\"\" data-id=\"664\" data-link=\"https:\/\/km.apnet.pl\/blog\/img_4671\/\" class=\"wp-image-664\" srcset=\"https:\/\/km.apnet.pl\/blog\/wp-content\/uploads\/2019\/09\/img_4671-1024x768.jpg 1024w, https:\/\/km.apnet.pl\/blog\/wp-content\/uploads\/2019\/09\/img_4671-512x384.jpg 512w, https:\/\/km.apnet.pl\/blog\/wp-content\/uploads\/2019\/09\/img_4671-768x576.jpg 768w, https:\/\/km.apnet.pl\/blog\/wp-content\/uploads\/2019\/09\/img_4671-800x600.jpg 800w\" sizes=\"auto, (max-width: 1024px) 100vw, 1024px\" \/><\/figure><\/li><\/ul>\n\n\n\n<ul class=\"wp-block-gallery columns-1 is-cropped wp-block-gallery-3 is-layout-flex wp-block-gallery-is-layout-flex\"><li class=\"blocks-gallery-item\"><figure><img loading=\"lazy\" decoding=\"async\" width=\"1024\" height=\"768\" data-attachment-id=\"665\" data-permalink=\"https:\/\/km.apnet.pl\/blog\/img_4663\/\" data-orig-file=\"https:\/\/km.apnet.pl\/blog\/wp-content\/uploads\/2019\/09\/img_4663.jpg\" data-orig-size=\"4032,3024\" data-comments-opened=\"1\" data-image-meta=\"{&quot;aperture&quot;:&quot;2.2&quot;,&quot;credit&quot;:&quot;&quot;,&quot;camera&quot;:&quot;iPhone 6s&quot;,&quot;caption&quot;:&quot;&quot;,&quot;created_timestamp&quot;:&quot;1551016722&quot;,&quot;copyright&quot;:&quot;&quot;,&quot;focal_length&quot;:&quot;4.15&quot;,&quot;iso&quot;:&quot;40&quot;,&quot;shutter_speed&quot;:&quot;0.01&quot;,&quot;title&quot;:&quot;&quot;,&quot;orientation&quot;:&quot;1&quot;}\" data-image-title=\"img_4663\" data-image-description=\"\" data-image-caption=\"\" data-medium-file=\"https:\/\/km.apnet.pl\/blog\/wp-content\/uploads\/2019\/09\/img_4663-512x384.jpg\" data-large-file=\"https:\/\/km.apnet.pl\/blog\/wp-content\/uploads\/2019\/09\/img_4663-1024x768.jpg\" src=\"https:\/\/km.apnet.pl\/blog\/wp-content\/uploads\/2019\/09\/img_4663-1024x768.jpg\" alt=\"\" data-id=\"665\" data-link=\"https:\/\/km.apnet.pl\/blog\/img_4663\/\" class=\"wp-image-665\" srcset=\"https:\/\/km.apnet.pl\/blog\/wp-content\/uploads\/2019\/09\/img_4663-1024x768.jpg 1024w, https:\/\/km.apnet.pl\/blog\/wp-content\/uploads\/2019\/09\/img_4663-512x384.jpg 512w, https:\/\/km.apnet.pl\/blog\/wp-content\/uploads\/2019\/09\/img_4663-768x576.jpg 768w, https:\/\/km.apnet.pl\/blog\/wp-content\/uploads\/2019\/09\/img_4663-800x600.jpg 800w\" sizes=\"auto, (max-width: 1024px) 100vw, 1024px\" \/><\/figure><\/li><\/ul>\n\n\n\n<p>GPS z ty\u0142u? MAG ok, ale GPS zak\u0142\u00f3cany tak, \u017ce praktycznie nie dzia\u0142a\u2026<\/p>\n\n\n\n<ul class=\"wp-block-gallery columns-1 is-cropped wp-block-gallery-4 is-layout-flex wp-block-gallery-is-layout-flex\"><li class=\"blocks-gallery-item\"><figure><img loading=\"lazy\" decoding=\"async\" width=\"1024\" height=\"768\" data-attachment-id=\"666\" data-permalink=\"https:\/\/km.apnet.pl\/blog\/img_4653\/\" data-orig-file=\"https:\/\/km.apnet.pl\/blog\/wp-content\/uploads\/2019\/09\/img_4653.jpg\" data-orig-size=\"4032,3024\" data-comments-opened=\"1\" data-image-meta=\"{&quot;aperture&quot;:&quot;2.2&quot;,&quot;credit&quot;:&quot;&quot;,&quot;camera&quot;:&quot;iPhone 6s&quot;,&quot;caption&quot;:&quot;&quot;,&quot;created_timestamp&quot;:&quot;1550914985&quot;,&quot;copyright&quot;:&quot;&quot;,&quot;focal_length&quot;:&quot;4.15&quot;,&quot;iso&quot;:&quot;25&quot;,&quot;shutter_speed&quot;:&quot;0.00087108013937282&quot;,&quot;title&quot;:&quot;&quot;,&quot;orientation&quot;:&quot;1&quot;}\" data-image-title=\"img_4653\" data-image-description=\"\" data-image-caption=\"\" data-medium-file=\"https:\/\/km.apnet.pl\/blog\/wp-content\/uploads\/2019\/09\/img_4653-512x384.jpg\" data-large-file=\"https:\/\/km.apnet.pl\/blog\/wp-content\/uploads\/2019\/09\/img_4653-1024x768.jpg\" src=\"https:\/\/km.apnet.pl\/blog\/wp-content\/uploads\/2019\/09\/img_4653-1024x768.jpg\" alt=\"\" data-id=\"666\" data-link=\"https:\/\/km.apnet.pl\/blog\/img_4653\/\" class=\"wp-image-666\" srcset=\"https:\/\/km.apnet.pl\/blog\/wp-content\/uploads\/2019\/09\/img_4653-1024x768.jpg 1024w, https:\/\/km.apnet.pl\/blog\/wp-content\/uploads\/2019\/09\/img_4653-512x384.jpg 512w, https:\/\/km.apnet.pl\/blog\/wp-content\/uploads\/2019\/09\/img_4653-768x576.jpg 768w, https:\/\/km.apnet.pl\/blog\/wp-content\/uploads\/2019\/09\/img_4653-800x600.jpg 800w\" sizes=\"auto, (max-width: 1024px) 100vw, 1024px\" \/><\/figure><\/li><\/ul>\n\n\n\n<p>GPS na baterii? Dobre miejsce ale MAG dzia\u0142a bardzo \u017ale\u2026<\/p>\n\n\n\n<ul class=\"wp-block-gallery columns-1 is-cropped wp-block-gallery-5 is-layout-flex wp-block-gallery-is-layout-flex\"><li class=\"blocks-gallery-item\"><figure><img loading=\"lazy\" decoding=\"async\" width=\"1024\" height=\"768\" data-attachment-id=\"667\" data-permalink=\"https:\/\/km.apnet.pl\/blog\/img_4610\/\" data-orig-file=\"https:\/\/km.apnet.pl\/blog\/wp-content\/uploads\/2019\/09\/img_4610.jpg\" data-orig-size=\"4032,3024\" data-comments-opened=\"1\" data-image-meta=\"{&quot;aperture&quot;:&quot;2.2&quot;,&quot;credit&quot;:&quot;&quot;,&quot;camera&quot;:&quot;iPhone 6s&quot;,&quot;caption&quot;:&quot;&quot;,&quot;created_timestamp&quot;:&quot;1549795735&quot;,&quot;copyright&quot;:&quot;&quot;,&quot;focal_length&quot;:&quot;4.15&quot;,&quot;iso&quot;:&quot;25&quot;,&quot;shutter_speed&quot;:&quot;0.00049407114624506&quot;,&quot;title&quot;:&quot;&quot;,&quot;orientation&quot;:&quot;1&quot;}\" data-image-title=\"img_4610\" data-image-description=\"\" data-image-caption=\"\" data-medium-file=\"https:\/\/km.apnet.pl\/blog\/wp-content\/uploads\/2019\/09\/img_4610-512x384.jpg\" data-large-file=\"https:\/\/km.apnet.pl\/blog\/wp-content\/uploads\/2019\/09\/img_4610-1024x768.jpg\" src=\"https:\/\/km.apnet.pl\/blog\/wp-content\/uploads\/2019\/09\/img_4610-1024x768.jpg\" alt=\"\" data-id=\"667\" data-link=\"https:\/\/km.apnet.pl\/blog\/img_4610\/\" class=\"wp-image-667\" srcset=\"https:\/\/km.apnet.pl\/blog\/wp-content\/uploads\/2019\/09\/img_4610-1024x768.jpg 1024w, https:\/\/km.apnet.pl\/blog\/wp-content\/uploads\/2019\/09\/img_4610-512x384.jpg 512w, https:\/\/km.apnet.pl\/blog\/wp-content\/uploads\/2019\/09\/img_4610-768x576.jpg 768w, https:\/\/km.apnet.pl\/blog\/wp-content\/uploads\/2019\/09\/img_4610-800x600.jpg 800w\" sizes=\"auto, (max-width: 1024px) 100vw, 1024px\" \/><\/figure><\/li><\/ul>\n\n\n\n<ul class=\"wp-block-gallery columns-1 is-cropped wp-block-gallery-6 is-layout-flex wp-block-gallery-is-layout-flex\"><li class=\"blocks-gallery-item\"><figure><img loading=\"lazy\" decoding=\"async\" width=\"1024\" height=\"608\" data-attachment-id=\"668\" data-permalink=\"https:\/\/km.apnet.pl\/blog\/img_4620-e1549829935697\/\" data-orig-file=\"https:\/\/km.apnet.pl\/blog\/wp-content\/uploads\/2019\/09\/img_4620-e1549829935697.jpg\" data-orig-size=\"3210,1906\" data-comments-opened=\"1\" data-image-meta=\"{&quot;aperture&quot;:&quot;0&quot;,&quot;credit&quot;:&quot;&quot;,&quot;camera&quot;:&quot;&quot;,&quot;caption&quot;:&quot;&quot;,&quot;created_timestamp&quot;:&quot;0&quot;,&quot;copyright&quot;:&quot;&quot;,&quot;focal_length&quot;:&quot;0&quot;,&quot;iso&quot;:&quot;0&quot;,&quot;shutter_speed&quot;:&quot;0&quot;,&quot;title&quot;:&quot;&quot;,&quot;orientation&quot;:&quot;0&quot;}\" data-image-title=\"img_4620-e1549829935697\" data-image-description=\"\" data-image-caption=\"\" data-medium-file=\"https:\/\/km.apnet.pl\/blog\/wp-content\/uploads\/2019\/09\/img_4620-e1549829935697-512x304.jpg\" data-large-file=\"https:\/\/km.apnet.pl\/blog\/wp-content\/uploads\/2019\/09\/img_4620-e1549829935697-1024x608.jpg\" src=\"https:\/\/km.apnet.pl\/blog\/wp-content\/uploads\/2019\/09\/img_4620-e1549829935697-1024x608.jpg\" alt=\"\" data-id=\"668\" data-link=\"https:\/\/km.apnet.pl\/blog\/img_4620-e1549829935697\/\" class=\"wp-image-668\" srcset=\"https:\/\/km.apnet.pl\/blog\/wp-content\/uploads\/2019\/09\/img_4620-e1549829935697-1024x608.jpg 1024w, https:\/\/km.apnet.pl\/blog\/wp-content\/uploads\/2019\/09\/img_4620-e1549829935697-512x304.jpg 512w, https:\/\/km.apnet.pl\/blog\/wp-content\/uploads\/2019\/09\/img_4620-e1549829935697-768x456.jpg 768w, https:\/\/km.apnet.pl\/blog\/wp-content\/uploads\/2019\/09\/img_4620-e1549829935697-1010x600.jpg 1010w\" sizes=\"auto, (max-width: 1024px) 100vw, 1024px\" \/><\/figure><\/li><\/ul>\n\n\n\n<p>Lecimy!!!<\/p>\n\n\n\n<ul class=\"wp-block-gallery columns-1 is-cropped wp-block-gallery-7 is-layout-flex wp-block-gallery-is-layout-flex\"><li class=\"blocks-gallery-item\"><figure><img loading=\"lazy\" decoding=\"async\" width=\"1024\" height=\"768\" data-attachment-id=\"669\" data-permalink=\"https:\/\/km.apnet.pl\/blog\/img_4594\/\" data-orig-file=\"https:\/\/km.apnet.pl\/blog\/wp-content\/uploads\/2019\/09\/img_4594.jpg\" data-orig-size=\"4032,3024\" data-comments-opened=\"1\" data-image-meta=\"{&quot;aperture&quot;:&quot;2.2&quot;,&quot;credit&quot;:&quot;&quot;,&quot;camera&quot;:&quot;iPhone 6s&quot;,&quot;caption&quot;:&quot;&quot;,&quot;created_timestamp&quot;:&quot;1549223467&quot;,&quot;copyright&quot;:&quot;&quot;,&quot;focal_length&quot;:&quot;4.15&quot;,&quot;iso&quot;:&quot;32&quot;,&quot;shutter_speed&quot;:&quot;0.03030303030303&quot;,&quot;title&quot;:&quot;&quot;,&quot;orientation&quot;:&quot;1&quot;}\" data-image-title=\"img_4594\" data-image-description=\"\" data-image-caption=\"\" data-medium-file=\"https:\/\/km.apnet.pl\/blog\/wp-content\/uploads\/2019\/09\/img_4594-512x384.jpg\" data-large-file=\"https:\/\/km.apnet.pl\/blog\/wp-content\/uploads\/2019\/09\/img_4594-1024x768.jpg\" src=\"https:\/\/km.apnet.pl\/blog\/wp-content\/uploads\/2019\/09\/img_4594-1024x768.jpg\" alt=\"\" data-id=\"669\" data-link=\"https:\/\/km.apnet.pl\/blog\/img_4594\/\" class=\"wp-image-669\" srcset=\"https:\/\/km.apnet.pl\/blog\/wp-content\/uploads\/2019\/09\/img_4594-1024x768.jpg 1024w, https:\/\/km.apnet.pl\/blog\/wp-content\/uploads\/2019\/09\/img_4594-512x384.jpg 512w, https:\/\/km.apnet.pl\/blog\/wp-content\/uploads\/2019\/09\/img_4594-768x576.jpg 768w, https:\/\/km.apnet.pl\/blog\/wp-content\/uploads\/2019\/09\/img_4594-800x600.jpg 800w\" sizes=\"auto, (max-width: 1024px) 100vw, 1024px\" \/><\/figure><\/li><\/ul>\n\n\n\n<p>Dodane o\u015bwietlenie i HD kamera z os\u0142on\u0105.<\/p>\n\n\n\n<ul class=\"wp-block-gallery columns-1 is-cropped wp-block-gallery-8 is-layout-flex wp-block-gallery-is-layout-flex\"><li class=\"blocks-gallery-item\"><figure><img loading=\"lazy\" decoding=\"async\" width=\"1024\" height=\"485\" data-attachment-id=\"670\" data-permalink=\"https:\/\/km.apnet.pl\/blog\/img_4525\/\" data-orig-file=\"https:\/\/km.apnet.pl\/blog\/wp-content\/uploads\/2019\/09\/img_4525.jpg\" data-orig-size=\"4032,1910\" data-comments-opened=\"1\" data-image-meta=\"{&quot;aperture&quot;:&quot;2.2&quot;,&quot;credit&quot;:&quot;&quot;,&quot;camera&quot;:&quot;iPhone 6s&quot;,&quot;caption&quot;:&quot;&quot;,&quot;created_timestamp&quot;:&quot;1546781498&quot;,&quot;copyright&quot;:&quot;&quot;,&quot;focal_length&quot;:&quot;4.15&quot;,&quot;iso&quot;:&quot;40&quot;,&quot;shutter_speed&quot;:&quot;0.01&quot;,&quot;title&quot;:&quot;&quot;,&quot;orientation&quot;:&quot;0&quot;}\" data-image-title=\"img_4525\" data-image-description=\"\" data-image-caption=\"\" data-medium-file=\"https:\/\/km.apnet.pl\/blog\/wp-content\/uploads\/2019\/09\/img_4525-512x243.jpg\" data-large-file=\"https:\/\/km.apnet.pl\/blog\/wp-content\/uploads\/2019\/09\/img_4525-1024x485.jpg\" src=\"https:\/\/km.apnet.pl\/blog\/wp-content\/uploads\/2019\/09\/img_4525-1024x485.jpg\" alt=\"\" data-id=\"670\" data-link=\"https:\/\/km.apnet.pl\/blog\/img_4525\/\" class=\"wp-image-670\" srcset=\"https:\/\/km.apnet.pl\/blog\/wp-content\/uploads\/2019\/09\/img_4525-1024x485.jpg 1024w, https:\/\/km.apnet.pl\/blog\/wp-content\/uploads\/2019\/09\/img_4525-512x243.jpg 512w, https:\/\/km.apnet.pl\/blog\/wp-content\/uploads\/2019\/09\/img_4525-768x364.jpg 768w, https:\/\/km.apnet.pl\/blog\/wp-content\/uploads\/2019\/09\/img_4525-1244x589.jpg 1244w\" sizes=\"auto, (max-width: 1024px) 100vw, 1024px\" \/><\/figure><\/li><\/ul>\n\n\n\n<p>Dipol 430MHz. Du\u017cy\u2026<\/p>\n\n\n\n<ul class=\"wp-block-gallery columns-1 is-cropped wp-block-gallery-9 is-layout-flex wp-block-gallery-is-layout-flex\"><li class=\"blocks-gallery-item\"><figure><img loading=\"lazy\" decoding=\"async\" width=\"1024\" height=\"768\" data-attachment-id=\"671\" data-permalink=\"https:\/\/km.apnet.pl\/blog\/img_4524\/\" data-orig-file=\"https:\/\/km.apnet.pl\/blog\/wp-content\/uploads\/2019\/09\/img_4524.jpg\" data-orig-size=\"4032,3024\" data-comments-opened=\"1\" data-image-meta=\"{&quot;aperture&quot;:&quot;2.2&quot;,&quot;credit&quot;:&quot;&quot;,&quot;camera&quot;:&quot;iPhone 6s&quot;,&quot;caption&quot;:&quot;&quot;,&quot;created_timestamp&quot;:&quot;1546781413&quot;,&quot;copyright&quot;:&quot;&quot;,&quot;focal_length&quot;:&quot;4.15&quot;,&quot;iso&quot;:&quot;32&quot;,&quot;shutter_speed&quot;:&quot;0.02&quot;,&quot;title&quot;:&quot;&quot;,&quot;orientation&quot;:&quot;0&quot;}\" data-image-title=\"img_4524\" data-image-description=\"\" data-image-caption=\"\" data-medium-file=\"https:\/\/km.apnet.pl\/blog\/wp-content\/uploads\/2019\/09\/img_4524-512x384.jpg\" data-large-file=\"https:\/\/km.apnet.pl\/blog\/wp-content\/uploads\/2019\/09\/img_4524-1024x768.jpg\" src=\"https:\/\/km.apnet.pl\/blog\/wp-content\/uploads\/2019\/09\/img_4524-1024x768.jpg\" alt=\"\" data-id=\"671\" data-link=\"https:\/\/km.apnet.pl\/blog\/img_4524\/\" class=\"wp-image-671\" srcset=\"https:\/\/km.apnet.pl\/blog\/wp-content\/uploads\/2019\/09\/img_4524-1024x768.jpg 1024w, https:\/\/km.apnet.pl\/blog\/wp-content\/uploads\/2019\/09\/img_4524-512x384.jpg 512w, https:\/\/km.apnet.pl\/blog\/wp-content\/uploads\/2019\/09\/img_4524-768x576.jpg 768w, https:\/\/km.apnet.pl\/blog\/wp-content\/uploads\/2019\/09\/img_4524-800x600.jpg 800w\" sizes=\"auto, (max-width: 1024px) 100vw, 1024px\" \/><\/figure><\/li><\/ul>\n\n\n\n<p>Podstawowa elektronika sprawdzona \ud83d\ude42<\/p>\n\n\n\n<ul class=\"wp-block-gallery columns-1 is-cropped wp-block-gallery-10 is-layout-flex wp-block-gallery-is-layout-flex\"><li class=\"blocks-gallery-item\"><figure><img loading=\"lazy\" decoding=\"async\" width=\"1024\" height=\"768\" data-attachment-id=\"672\" data-permalink=\"https:\/\/km.apnet.pl\/blog\/img_4452\/\" data-orig-file=\"https:\/\/km.apnet.pl\/blog\/wp-content\/uploads\/2019\/09\/img_4452.jpg\" data-orig-size=\"4032,3024\" data-comments-opened=\"1\" data-image-meta=\"{&quot;aperture&quot;:&quot;2.2&quot;,&quot;credit&quot;:&quot;&quot;,&quot;camera&quot;:&quot;iPhone 6s&quot;,&quot;caption&quot;:&quot;&quot;,&quot;created_timestamp&quot;:&quot;1544956310&quot;,&quot;copyright&quot;:&quot;&quot;,&quot;focal_length&quot;:&quot;4.15&quot;,&quot;iso&quot;:&quot;160&quot;,&quot;shutter_speed&quot;:&quot;0.03030303030303&quot;,&quot;title&quot;:&quot;&quot;,&quot;orientation&quot;:&quot;1&quot;}\" data-image-title=\"img_4452\" data-image-description=\"\" data-image-caption=\"\" data-medium-file=\"https:\/\/km.apnet.pl\/blog\/wp-content\/uploads\/2019\/09\/img_4452-512x384.jpg\" data-large-file=\"https:\/\/km.apnet.pl\/blog\/wp-content\/uploads\/2019\/09\/img_4452-1024x768.jpg\" src=\"https:\/\/km.apnet.pl\/blog\/wp-content\/uploads\/2019\/09\/img_4452-1024x768.jpg\" alt=\"\" data-id=\"672\" data-link=\"https:\/\/km.apnet.pl\/blog\/img_4452\/\" class=\"wp-image-672\" srcset=\"https:\/\/km.apnet.pl\/blog\/wp-content\/uploads\/2019\/09\/img_4452-1024x768.jpg 1024w, https:\/\/km.apnet.pl\/blog\/wp-content\/uploads\/2019\/09\/img_4452-512x384.jpg 512w, https:\/\/km.apnet.pl\/blog\/wp-content\/uploads\/2019\/09\/img_4452-768x576.jpg 768w, https:\/\/km.apnet.pl\/blog\/wp-content\/uploads\/2019\/09\/img_4452-800x600.jpg 800w\" sizes=\"auto, (max-width: 1024px) 100vw, 1024px\" \/><\/figure><\/li><\/ul>\n\n\n\n<p>Co\u015b nowego powstaje \ud83d\ude42 Obecna waga: 280g<\/p>\n","protected":false},"excerpt":{"rendered":"<p>Rok 2019: GPS z ty\u0142u? MAG ok, ale GPS zak\u0142\u00f3cany tak, \u017ce praktycznie nie dzia\u0142a\u2026 GPS na baterii? Dobre miejsce ale MAG dzia\u0142a bardzo \u017ale\u2026 Lecimy!!! Dodane o\u015bwietlenie i HD kamera z os\u0142on\u0105. Dipol 430MHz. &hellip;<\/p>\n","protected":false},"author":1,"featured_media":0,"parent":0,"menu_order":0,"comment_status":"closed","ping_status":"closed","template":"","meta":{"inline_featured_image":false,"footnotes":""},"class_list":["post-673","page","type-page","status-publish","hentry"],"yoast_head":"<!-- This site is optimized with the Yoast SEO plugin v26.7 - https:\/\/yoast.com\/wordpress\/plugins\/seo\/ -->\n<title>Kameleon - KM|BLOG<\/title>\n<meta name=\"robots\" content=\"index, follow, max-snippet:-1, max-image-preview:large, max-video-preview:-1\" \/>\n<link rel=\"canonical\" href=\"https:\/\/km.apnet.pl\/blog\/kameleon\/\" \/>\n<meta property=\"og:locale\" content=\"pl_PL\" \/>\n<meta property=\"og:type\" content=\"article\" \/>\n<meta property=\"og:title\" content=\"Kameleon - KM|BLOG\" \/>\n<meta property=\"og:description\" content=\"Rok 2019: GPS z ty\u0142u? MAG ok, ale GPS zak\u0142\u00f3cany tak, \u017ce praktycznie nie dzia\u0142a\u2026 GPS na baterii? Dobre miejsce ale MAG dzia\u0142a bardzo \u017ale\u2026 Lecimy!!! Dodane o\u015bwietlenie i HD kamera z os\u0142on\u0105. Dipol 430MHz. &hellip;\" \/>\n<meta property=\"og:url\" content=\"https:\/\/km.apnet.pl\/blog\/kameleon\/\" \/>\n<meta property=\"og:site_name\" content=\"KM|BLOG\" \/>\n<meta property=\"article:modified_time\" content=\"2022-09-12T18:43:54+00:00\" \/>\n<meta property=\"og:image\" content=\"https:\/\/km.apnet.pl\/blog\/wp-content\/uploads\/2022\/09\/IMG_5962.jpg\" \/>\n\t<meta property=\"og:image:width\" content=\"1920\" \/>\n\t<meta property=\"og:image:height\" content=\"1513\" \/>\n\t<meta property=\"og:image:type\" content=\"image\/jpeg\" \/>\n<meta name=\"twitter:card\" content=\"summary_large_image\" \/>\n<script type=\"application\/ld+json\" class=\"yoast-schema-graph\">{\"@context\":\"https:\/\/schema.org\",\"@graph\":[{\"@type\":\"WebPage\",\"@id\":\"https:\/\/km.apnet.pl\/blog\/kameleon\/\",\"url\":\"https:\/\/km.apnet.pl\/blog\/kameleon\/\",\"name\":\"Kameleon - KM|BLOG\",\"isPartOf\":{\"@id\":\"https:\/\/km.apnet.pl\/blog\/#website\"},\"primaryImageOfPage\":{\"@id\":\"https:\/\/km.apnet.pl\/blog\/kameleon\/#primaryimage\"},\"image\":{\"@id\":\"https:\/\/km.apnet.pl\/blog\/kameleon\/#primaryimage\"},\"thumbnailUrl\":\"https:\/\/km.apnet.pl\/blog\/wp-content\/uploads\/2022\/09\/IMG_5962-1024x807.jpg\",\"datePublished\":\"2019-09-11T12:20:37+00:00\",\"dateModified\":\"2022-09-12T18:43:54+00:00\",\"breadcrumb\":{\"@id\":\"https:\/\/km.apnet.pl\/blog\/kameleon\/#breadcrumb\"},\"inLanguage\":\"pl-PL\",\"potentialAction\":[{\"@type\":\"ReadAction\",\"target\":[\"https:\/\/km.apnet.pl\/blog\/kameleon\/\"]}]},{\"@type\":\"ImageObject\",\"inLanguage\":\"pl-PL\",\"@id\":\"https:\/\/km.apnet.pl\/blog\/kameleon\/#primaryimage\",\"url\":\"https:\/\/km.apnet.pl\/blog\/wp-content\/uploads\/2022\/09\/IMG_5962.jpg\",\"contentUrl\":\"https:\/\/km.apnet.pl\/blog\/wp-content\/uploads\/2022\/09\/IMG_5962.jpg\",\"width\":1920,\"height\":1513},{\"@type\":\"BreadcrumbList\",\"@id\":\"https:\/\/km.apnet.pl\/blog\/kameleon\/#breadcrumb\",\"itemListElement\":[{\"@type\":\"ListItem\",\"position\":1,\"name\":\"Strona g\u0142\u00f3wna\",\"item\":\"https:\/\/km.apnet.pl\/blog\/\"},{\"@type\":\"ListItem\",\"position\":2,\"name\":\"Kameleon\"}]},{\"@type\":\"WebSite\",\"@id\":\"https:\/\/km.apnet.pl\/blog\/#website\",\"url\":\"https:\/\/km.apnet.pl\/blog\/\",\"name\":\"KM|BLOG\",\"description\":\"Blog o podr\u00f3\u017cowaniu i innych fajnych rzeczach:)\",\"potentialAction\":[{\"@type\":\"SearchAction\",\"target\":{\"@type\":\"EntryPoint\",\"urlTemplate\":\"https:\/\/km.apnet.pl\/blog\/?s={search_term_string}\"},\"query-input\":{\"@type\":\"PropertyValueSpecification\",\"valueRequired\":true,\"valueName\":\"search_term_string\"}}],\"inLanguage\":\"pl-PL\"}]}<\/script>\n<!-- \/ Yoast SEO plugin. -->","yoast_head_json":{"title":"Kameleon - KM|BLOG","robots":{"index":"index","follow":"follow","max-snippet":"max-snippet:-1","max-image-preview":"max-image-preview:large","max-video-preview":"max-video-preview:-1"},"canonical":"https:\/\/km.apnet.pl\/blog\/kameleon\/","og_locale":"pl_PL","og_type":"article","og_title":"Kameleon - KM|BLOG","og_description":"Rok 2019: GPS z ty\u0142u? MAG ok, ale GPS zak\u0142\u00f3cany tak, \u017ce praktycznie nie dzia\u0142a\u2026 GPS na baterii? Dobre miejsce ale MAG dzia\u0142a bardzo \u017ale\u2026 Lecimy!!! Dodane o\u015bwietlenie i HD kamera z os\u0142on\u0105. Dipol 430MHz. &hellip;","og_url":"https:\/\/km.apnet.pl\/blog\/kameleon\/","og_site_name":"KM|BLOG","article_modified_time":"2022-09-12T18:43:54+00:00","og_image":[{"width":1920,"height":1513,"url":"https:\/\/km.apnet.pl\/blog\/wp-content\/uploads\/2022\/09\/IMG_5962.jpg","type":"image\/jpeg"}],"twitter_card":"summary_large_image","schema":{"@context":"https:\/\/schema.org","@graph":[{"@type":"WebPage","@id":"https:\/\/km.apnet.pl\/blog\/kameleon\/","url":"https:\/\/km.apnet.pl\/blog\/kameleon\/","name":"Kameleon - KM|BLOG","isPartOf":{"@id":"https:\/\/km.apnet.pl\/blog\/#website"},"primaryImageOfPage":{"@id":"https:\/\/km.apnet.pl\/blog\/kameleon\/#primaryimage"},"image":{"@id":"https:\/\/km.apnet.pl\/blog\/kameleon\/#primaryimage"},"thumbnailUrl":"https:\/\/km.apnet.pl\/blog\/wp-content\/uploads\/2022\/09\/IMG_5962-1024x807.jpg","datePublished":"2019-09-11T12:20:37+00:00","dateModified":"2022-09-12T18:43:54+00:00","breadcrumb":{"@id":"https:\/\/km.apnet.pl\/blog\/kameleon\/#breadcrumb"},"inLanguage":"pl-PL","potentialAction":[{"@type":"ReadAction","target":["https:\/\/km.apnet.pl\/blog\/kameleon\/"]}]},{"@type":"ImageObject","inLanguage":"pl-PL","@id":"https:\/\/km.apnet.pl\/blog\/kameleon\/#primaryimage","url":"https:\/\/km.apnet.pl\/blog\/wp-content\/uploads\/2022\/09\/IMG_5962.jpg","contentUrl":"https:\/\/km.apnet.pl\/blog\/wp-content\/uploads\/2022\/09\/IMG_5962.jpg","width":1920,"height":1513},{"@type":"BreadcrumbList","@id":"https:\/\/km.apnet.pl\/blog\/kameleon\/#breadcrumb","itemListElement":[{"@type":"ListItem","position":1,"name":"Strona g\u0142\u00f3wna","item":"https:\/\/km.apnet.pl\/blog\/"},{"@type":"ListItem","position":2,"name":"Kameleon"}]},{"@type":"WebSite","@id":"https:\/\/km.apnet.pl\/blog\/#website","url":"https:\/\/km.apnet.pl\/blog\/","name":"KM|BLOG","description":"Blog o podr\u00f3\u017cowaniu i innych fajnych rzeczach:)","potentialAction":[{"@type":"SearchAction","target":{"@type":"EntryPoint","urlTemplate":"https:\/\/km.apnet.pl\/blog\/?s={search_term_string}"},"query-input":{"@type":"PropertyValueSpecification","valueRequired":true,"valueName":"search_term_string"}}],"inLanguage":"pl-PL"}]}},"jetpack_sharing_enabled":true,"_links":{"self":[{"href":"https:\/\/km.apnet.pl\/blog\/wp-json\/wp\/v2\/pages\/673","targetHints":{"allow":["GET"]}}],"collection":[{"href":"https:\/\/km.apnet.pl\/blog\/wp-json\/wp\/v2\/pages"}],"about":[{"href":"https:\/\/km.apnet.pl\/blog\/wp-json\/wp\/v2\/types\/page"}],"author":[{"embeddable":true,"href":"https:\/\/km.apnet.pl\/blog\/wp-json\/wp\/v2\/users\/1"}],"replies":[{"embeddable":true,"href":"https:\/\/km.apnet.pl\/blog\/wp-json\/wp\/v2\/comments?post=673"}],"version-history":[{"count":12,"href":"https:\/\/km.apnet.pl\/blog\/wp-json\/wp\/v2\/pages\/673\/revisions"}],"predecessor-version":[{"id":1365,"href":"https:\/\/km.apnet.pl\/blog\/wp-json\/wp\/v2\/pages\/673\/revisions\/1365"}],"wp:attachment":[{"href":"https:\/\/km.apnet.pl\/blog\/wp-json\/wp\/v2\/media?parent=673"}],"curies":[{"name":"wp","href":"https:\/\/api.w.org\/{rel}","templated":true}]}}