{"id":483,"date":"2019-08-26T09:24:11","date_gmt":"2019-08-26T07:24:11","guid":{"rendered":"http:\/\/km.apnet.pl\/blog\/?page_id=483"},"modified":"2026-04-06T18:01:24","modified_gmt":"2026-04-06T16:01:24","slug":"mapa","status":"publish","type":"page","link":"https:\/\/km.apnet.pl\/blog\/mapa\/","title":{"rendered":"Mapa"},"content":{"rendered":"\n<p>Gdzie nas jeszcze nie by\u0142o, czyli aktualna mapa odwiedzonych kraj\u00f3w (<strong>57<\/strong> jak do tej pory). <br>Sporo jeszcze bia\u0142ych plam do wype\u0142nienia \ud83d\ude42<\/p>\n\n\n<div id=\"amchart1\" style=\"width: 100%; height: 60vh;\"><\/div>\n\n\n\n<p><\/p>\n","protected":false},"excerpt":{"rendered":"<p>Gdzie nas jeszcze nie by\u0142o, czyli aktualna mapa odwiedzonych kraj\u00f3w (57 jak do tej pory). Sporo jeszcze bia\u0142ych plam do wype\u0142nienia \ud83d\ude42<\/p>\n","protected":false},"author":1,"featured_media":484,"parent":0,"menu_order":0,"comment_status":"closed","ping_status":"closed","template":"","meta":{"inline_featured_image":false,"footnotes":""},"class_list":["post-483","page","type-page","status-publish","has-post-thumbnail","hentry"],"yoast_head":"<!-- This site is optimized with the Yoast SEO plugin v26.7 - https:\/\/yoast.com\/wordpress\/plugins\/seo\/ -->\n<title>Mapa - KM|BLOG<\/title>\n<meta name=\"robots\" content=\"index, follow, max-snippet:-1, max-image-preview:large, max-video-preview:-1\" \/>\n<link rel=\"canonical\" href=\"https:\/\/km.apnet.pl\/blog\/mapa\/\" \/>\n<meta property=\"og:locale\" content=\"pl_PL\" \/>\n<meta property=\"og:type\" content=\"article\" \/>\n<meta property=\"og:title\" content=\"Mapa - KM|BLOG\" \/>\n<meta property=\"og:description\" content=\"Gdzie nas jeszcze nie by\u0142o, czyli aktualna mapa odwiedzonych kraj\u00f3w (57 jak do tej pory). Sporo jeszcze bia\u0142ych plam do wype\u0142nienia \ud83d\ude42\" \/>\n<meta property=\"og:url\" content=\"https:\/\/km.apnet.pl\/blog\/mapa\/\" \/>\n<meta property=\"og:site_name\" content=\"KM|BLOG\" \/>\n<meta property=\"article:modified_time\" content=\"2026-04-06T16:01:24+00:00\" \/>\n<meta property=\"og:image\" content=\"https:\/\/km.apnet.pl\/blog\/wp-content\/uploads\/2019\/08\/world_visited-2018-2.png\" \/>\n\t<meta property=\"og:image:width\" content=\"1024\" \/>\n\t<meta property=\"og:image:height\" content=\"511\" \/>\n\t<meta property=\"og:image:type\" content=\"image\/png\" \/>\n<meta name=\"twitter:card\" content=\"summary_large_image\" \/>\n<meta name=\"twitter:label1\" content=\"Szacowany czas czytania\" \/>\n\t<meta name=\"twitter:data1\" content=\"1 minuta\" \/>\n<script type=\"application\/ld+json\" class=\"yoast-schema-graph\">{\"@context\":\"https:\/\/schema.org\",\"@graph\":[{\"@type\":\"WebPage\",\"@id\":\"https:\/\/km.apnet.pl\/blog\/mapa\/\",\"url\":\"https:\/\/km.apnet.pl\/blog\/mapa\/\",\"name\":\"Mapa - KM|BLOG\",\"isPartOf\":{\"@id\":\"https:\/\/km.apnet.pl\/blog\/#website\"},\"primaryImageOfPage\":{\"@id\":\"https:\/\/km.apnet.pl\/blog\/mapa\/#primaryimage\"},\"image\":{\"@id\":\"https:\/\/km.apnet.pl\/blog\/mapa\/#primaryimage\"},\"thumbnailUrl\":\"https:\/\/km.apnet.pl\/blog\/wp-content\/uploads\/2019\/08\/world_visited-2018-2.png\",\"datePublished\":\"2019-08-26T07:24:11+00:00\",\"dateModified\":\"2026-04-06T16:01:24+00:00\",\"breadcrumb\":{\"@id\":\"https:\/\/km.apnet.pl\/blog\/mapa\/#breadcrumb\"},\"inLanguage\":\"pl-PL\",\"potentialAction\":[{\"@type\":\"ReadAction\",\"target\":[\"https:\/\/km.apnet.pl\/blog\/mapa\/\"]}]},{\"@type\":\"ImageObject\",\"inLanguage\":\"pl-PL\",\"@id\":\"https:\/\/km.apnet.pl\/blog\/mapa\/#primaryimage\",\"url\":\"https:\/\/km.apnet.pl\/blog\/wp-content\/uploads\/2019\/08\/world_visited-2018-2.png\",\"contentUrl\":\"https:\/\/km.apnet.pl\/blog\/wp-content\/uploads\/2019\/08\/world_visited-2018-2.png\",\"width\":1024,\"height\":511},{\"@type\":\"BreadcrumbList\",\"@id\":\"https:\/\/km.apnet.pl\/blog\/mapa\/#breadcrumb\",\"itemListElement\":[{\"@type\":\"ListItem\",\"position\":1,\"name\":\"Strona g\u0142\u00f3wna\",\"item\":\"https:\/\/km.apnet.pl\/blog\/\"},{\"@type\":\"ListItem\",\"position\":2,\"name\":\"Mapa\"}]},{\"@type\":\"WebSite\",\"@id\":\"https:\/\/km.apnet.pl\/blog\/#website\",\"url\":\"https:\/\/km.apnet.pl\/blog\/\",\"name\":\"KM|BLOG\",\"description\":\"Blog o podr\u00f3\u017cowaniu i innych fajnych rzeczach:)\",\"potentialAction\":[{\"@type\":\"SearchAction\",\"target\":{\"@type\":\"EntryPoint\",\"urlTemplate\":\"https:\/\/km.apnet.pl\/blog\/?s={search_term_string}\"},\"query-input\":{\"@type\":\"PropertyValueSpecification\",\"valueRequired\":true,\"valueName\":\"search_term_string\"}}],\"inLanguage\":\"pl-PL\"}]}<\/script>\n<!-- \/ Yoast SEO plugin. -->","yoast_head_json":{"title":"Mapa - KM|BLOG","robots":{"index":"index","follow":"follow","max-snippet":"max-snippet:-1","max-image-preview":"max-image-preview:large","max-video-preview":"max-video-preview:-1"},"canonical":"https:\/\/km.apnet.pl\/blog\/mapa\/","og_locale":"pl_PL","og_type":"article","og_title":"Mapa - KM|BLOG","og_description":"Gdzie nas jeszcze nie by\u0142o, czyli aktualna mapa odwiedzonych kraj\u00f3w (57 jak do tej pory). Sporo jeszcze bia\u0142ych plam do wype\u0142nienia \ud83d\ude42","og_url":"https:\/\/km.apnet.pl\/blog\/mapa\/","og_site_name":"KM|BLOG","article_modified_time":"2026-04-06T16:01:24+00:00","og_image":[{"width":1024,"height":511,"url":"https:\/\/km.apnet.pl\/blog\/wp-content\/uploads\/2019\/08\/world_visited-2018-2.png","type":"image\/png"}],"twitter_card":"summary_large_image","twitter_misc":{"Szacowany czas czytania":"1 minuta"},"schema":{"@context":"https:\/\/schema.org","@graph":[{"@type":"WebPage","@id":"https:\/\/km.apnet.pl\/blog\/mapa\/","url":"https:\/\/km.apnet.pl\/blog\/mapa\/","name":"Mapa - KM|BLOG","isPartOf":{"@id":"https:\/\/km.apnet.pl\/blog\/#website"},"primaryImageOfPage":{"@id":"https:\/\/km.apnet.pl\/blog\/mapa\/#primaryimage"},"image":{"@id":"https:\/\/km.apnet.pl\/blog\/mapa\/#primaryimage"},"thumbnailUrl":"https:\/\/km.apnet.pl\/blog\/wp-content\/uploads\/2019\/08\/world_visited-2018-2.png","datePublished":"2019-08-26T07:24:11+00:00","dateModified":"2026-04-06T16:01:24+00:00","breadcrumb":{"@id":"https:\/\/km.apnet.pl\/blog\/mapa\/#breadcrumb"},"inLanguage":"pl-PL","potentialAction":[{"@type":"ReadAction","target":["https:\/\/km.apnet.pl\/blog\/mapa\/"]}]},{"@type":"ImageObject","inLanguage":"pl-PL","@id":"https:\/\/km.apnet.pl\/blog\/mapa\/#primaryimage","url":"https:\/\/km.apnet.pl\/blog\/wp-content\/uploads\/2019\/08\/world_visited-2018-2.png","contentUrl":"https:\/\/km.apnet.pl\/blog\/wp-content\/uploads\/2019\/08\/world_visited-2018-2.png","width":1024,"height":511},{"@type":"BreadcrumbList","@id":"https:\/\/km.apnet.pl\/blog\/mapa\/#breadcrumb","itemListElement":[{"@type":"ListItem","position":1,"name":"Strona g\u0142\u00f3wna","item":"https:\/\/km.apnet.pl\/blog\/"},{"@type":"ListItem","position":2,"name":"Mapa"}]},{"@type":"WebSite","@id":"https:\/\/km.apnet.pl\/blog\/#website","url":"https:\/\/km.apnet.pl\/blog\/","name":"KM|BLOG","description":"Blog o podr\u00f3\u017cowaniu i innych fajnych rzeczach:)","potentialAction":[{"@type":"SearchAction","target":{"@type":"EntryPoint","urlTemplate":"https:\/\/km.apnet.pl\/blog\/?s={search_term_string}"},"query-input":{"@type":"PropertyValueSpecification","valueRequired":true,"valueName":"search_term_string"}}],"inLanguage":"pl-PL"}]}},"jetpack_sharing_enabled":true,"_links":{"self":[{"href":"https:\/\/km.apnet.pl\/blog\/wp-json\/wp\/v2\/pages\/483","targetHints":{"allow":["GET"]}}],"collection":[{"href":"https:\/\/km.apnet.pl\/blog\/wp-json\/wp\/v2\/pages"}],"about":[{"href":"https:\/\/km.apnet.pl\/blog\/wp-json\/wp\/v2\/types\/page"}],"author":[{"embeddable":true,"href":"https:\/\/km.apnet.pl\/blog\/wp-json\/wp\/v2\/users\/1"}],"replies":[{"embeddable":true,"href":"https:\/\/km.apnet.pl\/blog\/wp-json\/wp\/v2\/comments?post=483"}],"version-history":[{"count":9,"href":"https:\/\/km.apnet.pl\/blog\/wp-json\/wp\/v2\/pages\/483\/revisions"}],"predecessor-version":[{"id":1929,"href":"https:\/\/km.apnet.pl\/blog\/wp-json\/wp\/v2\/pages\/483\/revisions\/1929"}],"wp:featuredmedia":[{"embeddable":true,"href":"https:\/\/km.apnet.pl\/blog\/wp-json\/wp\/v2\/media\/484"}],"wp:attachment":[{"href":"https:\/\/km.apnet.pl\/blog\/wp-json\/wp\/v2\/media?parent=483"}],"curies":[{"name":"wp","href":"https:\/\/api.w.org\/{rel}","templated":true}]}}